{"id":7,"date":"2023-05-02T16:39:59","date_gmt":"2023-05-02T14:39:59","guid":{"rendered":"http:\/\/la-galerie-musicale.fr\/?page_id=7"},"modified":"2023-05-23T16:22:45","modified_gmt":"2023-05-23T14:22:45","slug":"about","status":"publish","type":"page","link":"https:\/\/la-galerie-musicale.fr\/index.php\/fr\/about\/","title":{"rendered":"A propos"},"content":{"rendered":"\n<div class=\"wp-block-columns is-layout-flex wp-container-core-columns-is-layout-9d6595d7 wp-block-columns-is-layout-flex\">\n<div class=\"wp-block-column is-layout-flow wp-block-column-is-layout-flow\" style=\"flex-basis:100%\">\n<div class=\"wp-block-media-text alignwide is-stacked-on-mobile is-vertically-aligned-top\" style=\"grid-template-columns:35% auto\"><figure class=\"wp-block-media-text__media\"><img loading=\"lazy\" decoding=\"async\" width=\"1024\" height=\"1022\" src=\"http:\/\/la-galerie-musicale.fr\/wp-content\/uploads\/2023\/05\/a_MG_7217-1024x1022.jpg\" alt=\"\" class=\"wp-image-38 size-full\" srcset=\"https:\/\/la-galerie-musicale.fr\/wp-content\/uploads\/2023\/05\/a_MG_7217-1024x1022.jpg 1024w, https:\/\/la-galerie-musicale.fr\/wp-content\/uploads\/2023\/05\/a_MG_7217-300x300.jpg 300w, https:\/\/la-galerie-musicale.fr\/wp-content\/uploads\/2023\/05\/a_MG_7217-150x150.jpg 150w, https:\/\/la-galerie-musicale.fr\/wp-content\/uploads\/2023\/05\/a_MG_7217-768x766.jpg 768w, https:\/\/la-galerie-musicale.fr\/wp-content\/uploads\/2023\/05\/a_MG_7217-1536x1533.jpg 1536w, https:\/\/la-galerie-musicale.fr\/wp-content\/uploads\/2023\/05\/a_MG_7217-2048x2044.jpg 2048w, https:\/\/la-galerie-musicale.fr\/wp-content\/uploads\/2023\/05\/a_MG_7217-2000x1996.jpg 2000w\" sizes=\"auto, (max-width: 1024px) 100vw, 1024px\" \/><\/figure><div class=\"wp-block-media-text__content\">\n<p>Mathis Aubry est un compositeur et producteur originaire de Nantes n\u00e9 en 1998.<\/p>\n\n\n\n<p>Contrebassiste de formation jazz et classique, il joue dans divers ensembles, passant d&rsquo;un genre \u00e0 l&rsquo;autre. Apr\u00e8s des \u00e9tudes d&rsquo;ing\u00e9nierie informatique il suit un cursus de musicologie \u00e0 l&rsquo;Universit\u00e9 Catholique de l&rsquo;Ouest et au conservatoire d&rsquo;Angers, il obtient sa licence en 2022 avec mention. Lors de son cursus il propose ses propres compositions et arrangements en examens pratiques et avec le d\u00e9partement de danse contemporaine du conservatoire d&rsquo;Angers.<\/p>\n\n\n\n<p>Passionn\u00e9 de cin\u00e9ma et d&rsquo;art contemporain, il cr\u00e9e plusieurs musiques et paysages sonores inspir\u00e9s de courts-m\u00e9trages, jeux vid\u00e9o ou de sc\u00e9nario originaux.<\/p>\n\n\n\n<p>Entre jazz, pop, rock et musique classique il cherche \u00e0 cr\u00e9er des oeuvres en lien direct avec les arts visuels, toujours curieux d&rsquo;explorer de nouveaux horizons musicaux au service d&rsquo;un propos unique.<\/p>\n\n\n\n<p><\/p>\n<\/div><\/div>\n<\/div>\n<\/div>\n\n\n\n<div style=\"height:100px\" aria-hidden=\"true\" class=\"wp-block-spacer\"><\/div>\n\n\n\n<h2 class=\"wp-block-heading has-text-align-center\" style=\"font-style:normal;font-weight:400\">Mentions l\u00e9gale<\/h2>\n\n\n\n<hr class=\"wp-block-separator has-alpha-channel-opacity\"\/>\n\n\n\n<p>La Galerie Musicale est une auto-entreprise cr\u00e9\u00e9e en Juin 2023.<\/p>\n\n\n\n<p><strong>Num\u00e9ro de SIRET<\/strong>&nbsp;: 95213951700017 Dispens\u00e9 d\u2019immatriculation au registre du commerce et des soci\u00e9t\u00e9s (RCS) et au r\u00e9pertoire des m\u00e9tiers (RM) en application de l\u2019article L. 123-1-1 du Code du commerce.<\/p>\n\n\n\n<p>Les devis et les factures sont indiqu\u00e9s hors taxes. Les tarifs d\u2019une auto-entreprise ne sont pas assujettis \u00e0 la TVA en application de l\u2019article 293 B du Code g\u00e9n\u00e9ral des imp\u00f4ts.<\/p>\n\n\n\n<div style=\"height:100px\" aria-hidden=\"true\" class=\"wp-block-spacer\"><\/div>\n","protected":false},"excerpt":{"rendered":"<p>Mathis Aubry est un compositeur et producteur originaire de Nantes n\u00e9 en 1998. Contrebassiste de formation jazz et classique, il joue dans divers ensembles, passant d&rsquo;un genre \u00e0 l&rsquo;autre. Apr\u00e8s des \u00e9tudes d&rsquo;ing\u00e9nierie informatique il suit un cursus de musicologie \u00e0 l&rsquo;Universit\u00e9 Catholique de l&rsquo;Ouest et au conservatoire d&rsquo;Angers, il obtient sa licence en 2022 &hellip; <\/p>\n<p class=\"link-more\"><a href=\"https:\/\/la-galerie-musicale.fr\/index.php\/fr\/about\/\" class=\"more-link\">Lire la suite de<span class=\"screen-reader-text\">\u00ab\u00a0A propos\u00a0\u00bb<\/span><\/a><\/p>\n","protected":false},"author":1,"featured_media":0,"parent":0,"menu_order":0,"comment_status":"closed","ping_status":"closed","template":"","meta":{"footnotes":""},"class_list":["post-7","page","type-page","status-publish","hentry"],"_links":{"self":[{"href":"https:\/\/la-galerie-musicale.fr\/index.php\/wp-json\/wp\/v2\/pages\/7","targetHints":{"allow":["GET"]}}],"collection":[{"href":"https:\/\/la-galerie-musicale.fr\/index.php\/wp-json\/wp\/v2\/pages"}],"about":[{"href":"https:\/\/la-galerie-musicale.fr\/index.php\/wp-json\/wp\/v2\/types\/page"}],"author":[{"embeddable":true,"href":"https:\/\/la-galerie-musicale.fr\/index.php\/wp-json\/wp\/v2\/users\/1"}],"replies":[{"embeddable":true,"href":"https:\/\/la-galerie-musicale.fr\/index.php\/wp-json\/wp\/v2\/comments?post=7"}],"version-history":[{"count":9,"href":"https:\/\/la-galerie-musicale.fr\/index.php\/wp-json\/wp\/v2\/pages\/7\/revisions"}],"predecessor-version":[{"id":114,"href":"https:\/\/la-galerie-musicale.fr\/index.php\/wp-json\/wp\/v2\/pages\/7\/revisions\/114"}],"wp:attachment":[{"href":"https:\/\/la-galerie-musicale.fr\/index.php\/wp-json\/wp\/v2\/media?parent=7"}],"curies":[{"name":"wp","href":"https:\/\/api.w.org\/{rel}","templated":true}]}}